{"id":74,"date":"2025-09-18T21:34:06","date_gmt":"2025-09-18T21:34:06","guid":{"rendered":"https:\/\/visitasflexibles.es\/?page_id=74"},"modified":"2025-12-10T20:22:39","modified_gmt":"2025-12-10T20:22:39","slug":"sin-complicaciones","status":"publish","type":"page","link":"https:\/\/visitasflexibles.es\/index.php\/sin-complicaciones\/","title":{"rendered":"Sin complicaciones"},"content":{"rendered":"\n<h3 class=\"wp-block-heading\"><strong>Servicios de Acompa\u00f1amiento Profesional para Inmobiliarias en Madrid<\/strong><\/h3>\n\n\n\n<p>Tu agenda es flexible, pero tu negocio no tiene por qu\u00e9 detenerse. En <strong>visitasflexibles.es<\/strong>, entiendo que la vida de un profesional inmobiliario est\u00e1 llena de imprevistos. Mi servicio te ofrece la tranquilidad de saber que cada visita, ya sea para un piso, un chalet, una oficina o una nave industrial, ser\u00e1 gestionada con el mismo compromiso y profesionalismo que t\u00fa mismo ofrecer\u00edas.<\/p>\n\n\n\n<p>Soy tu aliado de confianza para que no pierdas ninguna oportunidad de venta o alquiler.<\/p>\n\n\n\n<h3 class=\"wp-block-heading\"><strong>\u00bfC\u00f3mo funciona el servicio?<\/strong><\/h3>\n\n\n\n<p>Mi proceso es simple, transparente y dise\u00f1ado para darte el control total, incluso a distancia.<\/p>\n\n\n\n<ol start=\"1\" class=\"wp-block-list\">\n<li><strong>Coordinaci\u00f3n de la visita:<\/strong> Me informas sobre la visita, los detalles de la propiedad y los datos del\/los cliente\/es.<\/li>\n\n\n\n<li><strong>Gesti\u00f3n completa:<\/strong> Me encargo de confirmar la visita con los clientes minutos antes de la hora acordada y de recoger las llaves del inmueble, si es necesario. El primer servicio de <strong>\u00abshowing\u00a0<em>assistant<\/em>\u00ab<\/strong> de Espa\u00f1a.<\/li>\n\n\n\n<li><strong>La visita profesional:<\/strong> Realizo la visita del inmueble con la seriedad, puntualidad y la buena presencia que me caracterizan, respondiendo a las preguntas de los clientes y mostrando la propiedad con detalle. Si el cliente es extranjero, puedo sostener una conversaci\u00f3n en ingl\u00e9s de manera fluida.<\/li>\n\n\n\n<li><strong>Reporte detallado:<\/strong> Una vez finalizada la visita, te env\u00edo un informe completo sobre el resultado, con mis impresiones y cualquier informaci\u00f3n relevante que haya obtenido del cliente. Tambi\u00e9n te devuelvo las llaves del inmueble.<\/li>\n<\/ol>\n\n\n\n<h3 class=\"wp-block-heading\"><strong>Beneficios para tu negocio<\/strong><\/h3>\n\n\n\n<ul class=\"wp-block-list\">\n<li><strong>Maximiza tu tiempo:<\/strong> Delega las visitas y ded\u00edcate a lo que realmente importa: captar nuevos clientes, hacer seguimiento o cerrar operaciones.<\/li>\n\n\n\n<li><strong>Ahorro en costes fijos:<\/strong> Evita los gastos de contratar personal en n\u00f3mina. Paga solo cuando me necesites, de forma flexible y a tu conveniencia. No tendr\u00e1s m\u00e1s personal en baja, o juicios laborales. Tampoco tendr\u00e1s que compartir altos importes de tus comisiones con clientes que ya tienen vista la propiedad por medios electr\u00f3nicos y solo quieren confirmar que lo que vieron es real. <\/li>\n\n\n\n<li>Un empleado en nomina tiene en Espa\u00f1a un coste empresarial elevado, mas aun si cuentas comisiones, indemnizaciones al despido, gastos de canastas de fin de a\u00f1o, paro y muchos mas gastos indirectos. Has verificado cuantas visitas hace un agente por mes?<\/li>\n\n\n\n<li><strong>Cobertura total:<\/strong> Ideal para cuando est\u00e9s de vacaciones, enfermo o cuando el volumen de visitas supere tu capacidad.<\/li>\n\n\n\n<li><strong>Garant\u00eda de profesionalidad:<\/strong> Con mi experiencia de m\u00e1s de 30 a\u00f1os en el sector y mi compromiso personal, tu marca estar\u00e1 en las mejores manos. Me presentar\u00e9 como empleado de tu empresa para dar total formalidad a la cita.<\/li>\n<\/ul>\n\n\n\n<p><\/p>\n","protected":false},"excerpt":{"rendered":"<p>Servicios de Acompa\u00f1amiento Profesional para Inmobiliarias en Madrid Tu agenda es flexible, pero tu negocio no tiene por qu\u00e9 detenerse. En visitasflexibles.es, entiendo que la vida de un profesional inmobiliario est\u00e1 llena de imprevistos. Mi servicio te ofrece la tranquilidad de saber que cada visita, ya sea para un piso, un chalet, una oficina o [&hellip;]<\/p>\n","protected":false},"author":1,"featured_media":0,"parent":0,"menu_order":0,"comment_status":"closed","ping_status":"closed","template":"","meta":{"footnotes":""},"class_list":["post-74","page","type-page","status-publish","hentry"],"_links":{"self":[{"href":"https:\/\/visitasflexibles.es\/index.php\/wp-json\/wp\/v2\/pages\/74","targetHints":{"allow":["GET"]}}],"collection":[{"href":"https:\/\/visitasflexibles.es\/index.php\/wp-json\/wp\/v2\/pages"}],"about":[{"href":"https:\/\/visitasflexibles.es\/index.php\/wp-json\/wp\/v2\/types\/page"}],"author":[{"embeddable":true,"href":"https:\/\/visitasflexibles.es\/index.php\/wp-json\/wp\/v2\/users\/1"}],"replies":[{"embeddable":true,"href":"https:\/\/visitasflexibles.es\/index.php\/wp-json\/wp\/v2\/comments?post=74"}],"version-history":[{"count":4,"href":"https:\/\/visitasflexibles.es\/index.php\/wp-json\/wp\/v2\/pages\/74\/revisions"}],"predecessor-version":[{"id":141,"href":"https:\/\/visitasflexibles.es\/index.php\/wp-json\/wp\/v2\/pages\/74\/revisions\/141"}],"wp:attachment":[{"href":"https:\/\/visitasflexibles.es\/index.php\/wp-json\/wp\/v2\/media?parent=74"}],"curies":[{"name":"wp","href":"https:\/\/api.w.org\/{rel}","templated":true}]}}