{"id":64,"date":"2025-09-18T21:10:42","date_gmt":"2025-09-18T21:10:42","guid":{"rendered":"https:\/\/visitasflexibles.es\/?page_id=64"},"modified":"2025-12-10T20:26:48","modified_gmt":"2025-12-10T20:26:48","slug":"contacto","status":"publish","type":"page","link":"https:\/\/visitasflexibles.es\/index.php\/contacto\/","title":{"rendered":"Contacto"},"content":{"rendered":"\n<p>Puedes contactarme a mi tel\u00e9fono: +<a href=\"tel:34675077091\">34675077091<\/a>, esa es la manera m\u00e1s directa, tambi\u00e9n puedes enviarme email a <a href=\"mailto:info@visitasflexibles.es\">info@visitasflexibles.es<\/a><\/p>\n\n\n\n<p>Mi estudio lo tengo en Av Mendendez Pelayo, 19, Madrid 28009.<\/p>\n\n\n\n<p>(aqu\u00ed dedico mis horas a las fotos \/ videos \/ y coordinar visitas)<\/p>\n\n\n\n<p><a href=\"https:\/\/g.page\/r\/CXN028wh8rw0EBM\/review\" target=\"_blank\" rel=\"noreferrer noopener\">Consulte las Rese\u00f1as de nuestros clientes<\/a>&nbsp;<a href=\"https:\/\/g.page\/r\/CXN028wh8rw0EBM\/review\" target=\"_blank\" rel=\"noreferrer noopener\">\u2b50\u2b50\u2b50\u2b50\u2b50<\/a><\/p>\n\n\n\n<p><a href=\"https:\/\/www.fotografo-idealista-tour360-render3d.es\"><a href=\"Https:\/\/inmofotomadrid.es\">Https:\/\/inmofotomadrid.es<\/a><\/a><\/p>\n","protected":false},"excerpt":{"rendered":"<p>Puedes contactarme a mi tel\u00e9fono: +34675077091, esa es la manera m\u00e1s directa, tambi\u00e9n puedes enviarme email a info@visitasflexibles.es Mi estudio lo tengo en Av Mendendez Pelayo, 19, Madrid 28009. (aqu\u00ed dedico mis horas a las fotos \/ videos \/ y coordinar visitas) Consulte las Rese\u00f1as de nuestros clientes&nbsp;\u2b50\u2b50\u2b50\u2b50\u2b50 Https:\/\/inmofotomadrid.es<\/p>\n","protected":false},"author":1,"featured_media":0,"parent":0,"menu_order":0,"comment_status":"closed","ping_status":"closed","template":"","meta":{"footnotes":""},"class_list":["post-64","page","type-page","status-publish","hentry"],"_links":{"self":[{"href":"https:\/\/visitasflexibles.es\/index.php\/wp-json\/wp\/v2\/pages\/64","targetHints":{"allow":["GET"]}}],"collection":[{"href":"https:\/\/visitasflexibles.es\/index.php\/wp-json\/wp\/v2\/pages"}],"about":[{"href":"https:\/\/visitasflexibles.es\/index.php\/wp-json\/wp\/v2\/types\/page"}],"author":[{"embeddable":true,"href":"https:\/\/visitasflexibles.es\/index.php\/wp-json\/wp\/v2\/users\/1"}],"replies":[{"embeddable":true,"href":"https:\/\/visitasflexibles.es\/index.php\/wp-json\/wp\/v2\/comments?post=64"}],"version-history":[{"count":5,"href":"https:\/\/visitasflexibles.es\/index.php\/wp-json\/wp\/v2\/pages\/64\/revisions"}],"predecessor-version":[{"id":146,"href":"https:\/\/visitasflexibles.es\/index.php\/wp-json\/wp\/v2\/pages\/64\/revisions\/146"}],"wp:attachment":[{"href":"https:\/\/visitasflexibles.es\/index.php\/wp-json\/wp\/v2\/media?parent=64"}],"curies":[{"name":"wp","href":"https:\/\/api.w.org\/{rel}","templated":true}]}}