{"id":59,"date":"2025-09-18T21:00:46","date_gmt":"2025-09-18T21:00:46","guid":{"rendered":"https:\/\/visitasflexibles.es\/?page_id=59"},"modified":"2025-12-10T20:25:57","modified_gmt":"2025-12-10T20:25:57","slug":"quienes-somos","status":"publish","type":"page","link":"https:\/\/visitasflexibles.es\/index.php\/quienes-somos\/","title":{"rendered":"Quienes somos"},"content":{"rendered":"\n<h3 class=\"wp-block-heading\" id=\"h.l89aff15w65f_l\"><strong>30 a\u00f1os en el sector avalan mi experiencia.<\/strong><\/h3>\n\n\n\n<p>Mi nombre es Christian Cester, el inicio de mi carrera y relaci\u00f3n con el sector inmobiliario en Argentina se dio cuando empec\u00e9 a trabajar en una inmobiliaria en el a\u00f1o 1995, durante los primeros a\u00f1os 100% dedicado a la intermediaci\u00f3n, por suerte he disfrutado mucho de esa etapa de mi vida, he armado equipos de trabajo, y gestionado la empresa en todos sus servicios, ventas, alquileres, administraci\u00f3n. La direcci\u00f3n de la empresa me ha dado muchas satisfacciones, pero por distintas cuestiones de el entorno en donde deb\u00eda desarrollarme justo antes del inicio de 2020 he decidido venir a Espa\u00f1a con mi familia. Con la idea firme de que la vida se pone mas interesante cuando se cambia, al llegar a Espa\u00f1a decid\u00ed que ya no quer\u00eda seguir en el negocio de la intermediaci\u00f3n, pero entendiendo que ten\u00eda tantos a\u00f1os de experiencia pod\u00eda seguir de alguna manera vinculado, he notado que la tecnolog\u00eda reemplaza cada vez m\u00e1s a las personas en los procesos autom\u00e1ticos. La muestra de las propiedades con buenos videos, tours 360\u00ba o cualquier otra tecnolog\u00eda facilitan mucho el filtro del volumen de clientes. Encontr\u00e9 en la fotograf\u00eda inmobiliaria y el acompa\u00f1amiento de clientes 2 necesidades claves del sector que aun la tecnolog\u00eda no puede reemplazar. El diferencial es importante cuando se conoce la perspectiva del vendedor inmobiliario, para cualquiera de las 2 actividades, se que es lo que hay que mostrar de la propiedad, cuales son los puntos fuertes a destacar y que es importante evitar. Tengo la suerte de poder dedicarme a lo que me apasiona, la fotograf\u00eda y las relaciones personales, le dedico mi tiempo y momentos de ocio, disfrutar de mi trabajo es un placer enorme. Espero tener la oportunidad de conocerle y trabajar juntos. Gracias.<\/p>\n\n\n\n<figure class=\"wp-block-image size-full is-resized\"><img loading=\"lazy\" decoding=\"async\" width=\"1024\" height=\"1024\" src=\"https:\/\/visitasflexibles.es\/wp-content\/uploads\/2025\/09\/foto-mia.jpg\" alt=\"\" class=\"wp-image-136\" style=\"width:342px;height:auto\" srcset=\"https:\/\/visitasflexibles.es\/wp-content\/uploads\/2025\/09\/foto-mia.jpg 1024w, https:\/\/visitasflexibles.es\/wp-content\/uploads\/2025\/09\/foto-mia-300x300.jpg 300w, https:\/\/visitasflexibles.es\/wp-content\/uploads\/2025\/09\/foto-mia-150x150.jpg 150w, https:\/\/visitasflexibles.es\/wp-content\/uploads\/2025\/09\/foto-mia-768x768.jpg 768w\" sizes=\"auto, (max-width: 1024px) 100vw, 1024px\" \/><\/figure>\n\n\n\n<p><a href=\"Https:\/\/inmofotomadrid.es\">Https:\/\/inmofotomadrid.es<\/a><\/p>\n\n\n\n<p><a href=\"https:\/\/g.page\/r\/CXN028wh8rw0EBM\/review\" target=\"_blank\" rel=\"noreferrer noopener\">Consulte las Rese\u00f1as de nuestros clientes<\/a>&nbsp;<a href=\"https:\/\/g.page\/r\/CXN028wh8rw0EBM\/review\" target=\"_blank\" rel=\"noreferrer noopener\">\u2b50\u2b50\u2b50\u2b50\u2b50<\/a>, puedes ver opiniones de mi trabajo (principalmente como fot\u00f3grafo)<\/p>\n\n\n\n<p><\/p>\n","protected":false},"excerpt":{"rendered":"<p>30 a\u00f1os en el sector avalan mi experiencia. Mi nombre es Christian Cester, el inicio de mi carrera y relaci\u00f3n con el sector inmobiliario en Argentina se dio cuando empec\u00e9 a trabajar en una inmobiliaria en el a\u00f1o 1995, durante los primeros a\u00f1os 100% dedicado a la intermediaci\u00f3n, por suerte he disfrutado mucho de esa [&hellip;]<\/p>\n","protected":false},"author":1,"featured_media":0,"parent":0,"menu_order":0,"comment_status":"closed","ping_status":"closed","template":"","meta":{"footnotes":""},"class_list":["post-59","page","type-page","status-publish","hentry"],"_links":{"self":[{"href":"https:\/\/visitasflexibles.es\/index.php\/wp-json\/wp\/v2\/pages\/59","targetHints":{"allow":["GET"]}}],"collection":[{"href":"https:\/\/visitasflexibles.es\/index.php\/wp-json\/wp\/v2\/pages"}],"about":[{"href":"https:\/\/visitasflexibles.es\/index.php\/wp-json\/wp\/v2\/types\/page"}],"author":[{"embeddable":true,"href":"https:\/\/visitasflexibles.es\/index.php\/wp-json\/wp\/v2\/users\/1"}],"replies":[{"embeddable":true,"href":"https:\/\/visitasflexibles.es\/index.php\/wp-json\/wp\/v2\/comments?post=59"}],"version-history":[{"count":7,"href":"https:\/\/visitasflexibles.es\/index.php\/wp-json\/wp\/v2\/pages\/59\/revisions"}],"predecessor-version":[{"id":145,"href":"https:\/\/visitasflexibles.es\/index.php\/wp-json\/wp\/v2\/pages\/59\/revisions\/145"}],"wp:attachment":[{"href":"https:\/\/visitasflexibles.es\/index.php\/wp-json\/wp\/v2\/media?parent=59"}],"curies":[{"name":"wp","href":"https:\/\/api.w.org\/{rel}","templated":true}]}}