{"id":52,"date":"2025-09-18T20:27:13","date_gmt":"2025-09-18T20:27:13","guid":{"rendered":"https:\/\/visitasflexibles.es\/?page_id=52"},"modified":"2025-09-25T07:20:30","modified_gmt":"2025-09-25T07:20:30","slug":"lista-de-precios","status":"publish","type":"page","link":"https:\/\/visitasflexibles.es\/index.php\/lista-de-precios\/","title":{"rendered":"Lista de precios"},"content":{"rendered":"\n<ul class=\"wp-block-list\">\n<li>El valor de la visita en propiedades hasta 200 m2 es de 50\u20ac+IVA en caso de recibir solo un cliente, por cada cliente adicional, se suman 10\u20ac+IVA a la visita.<\/li>\n\n\n\n<li>En Propiedades de m\u00e1s de 200m2 el coste de 65\u20ac+IVA, en caso de recibir solo un cliente, por cada cliente adicional, se suman 10\u20ac+IVA a la visita.<\/li>\n\n\n\n<li>El retiro y entrega de llaves en oficina tiene un coste extra de 20\u20ac+IVA<\/li>\n\n\n\n<li>Taslados: Tomando de referencia la puerta de Alcal\u00e1: <\/li>\n\n\n\n<li>Hasta 10 km sin cargo<\/li>\n\n\n\n<li>de 10 a 20km tiene un coste de 10\u20ac+IVA.<\/li>\n\n\n\n<li>de 20km a 40km el coste es de 20\u20ac+IVA.<\/li>\n\n\n\n<li>S\u00e1bados\/Domingos y Feriados +15%<\/li>\n<\/ul>\n\n\n\n<p class=\"has-medium-font-size\">Tener en cuenta que el pago de los servicios debe realizarse al menos 1 hora antes de la visita. Si la visita se cancela hasta 1 hora antes, el importes recibido quedar\u00e1 como cr\u00e9dito y podr\u00e1 aplicarse a visitas futuras. En caso que esta se cancele pasado este limite horario o que el cliente no asista los valores recibidos no ser\u00e1n reembolsables ni generar\u00e1n cr\u00e9dito.<\/p>\n","protected":false},"excerpt":{"rendered":"<p>Tener en cuenta que el pago de los servicios debe realizarse al menos 1 hora antes de la visita. Si la visita se cancela hasta 1 hora antes, el importes recibido quedar\u00e1 como cr\u00e9dito y podr\u00e1 aplicarse a visitas futuras. En caso que esta se cancele pasado este limite horario o que el cliente no [&hellip;]<\/p>\n","protected":false},"author":1,"featured_media":0,"parent":0,"menu_order":0,"comment_status":"closed","ping_status":"closed","template":"","meta":{"footnotes":""},"class_list":["post-52","page","type-page","status-publish","hentry"],"_links":{"self":[{"href":"https:\/\/visitasflexibles.es\/index.php\/wp-json\/wp\/v2\/pages\/52","targetHints":{"allow":["GET"]}}],"collection":[{"href":"https:\/\/visitasflexibles.es\/index.php\/wp-json\/wp\/v2\/pages"}],"about":[{"href":"https:\/\/visitasflexibles.es\/index.php\/wp-json\/wp\/v2\/types\/page"}],"author":[{"embeddable":true,"href":"https:\/\/visitasflexibles.es\/index.php\/wp-json\/wp\/v2\/users\/1"}],"replies":[{"embeddable":true,"href":"https:\/\/visitasflexibles.es\/index.php\/wp-json\/wp\/v2\/comments?post=52"}],"version-history":[{"count":6,"href":"https:\/\/visitasflexibles.es\/index.php\/wp-json\/wp\/v2\/pages\/52\/revisions"}],"predecessor-version":[{"id":134,"href":"https:\/\/visitasflexibles.es\/index.php\/wp-json\/wp\/v2\/pages\/52\/revisions\/134"}],"wp:attachment":[{"href":"https:\/\/visitasflexibles.es\/index.php\/wp-json\/wp\/v2\/media?parent=52"}],"curies":[{"name":"wp","href":"https:\/\/api.w.org\/{rel}","templated":true}]}}